{"id":42,"date":"2022-11-07T11:21:06","date_gmt":"2022-11-07T11:21:06","guid":{"rendered":"http:\/\/nevsuekspertiz.com.tr\/?page_id=42"},"modified":"2023-01-27T18:37:02","modified_gmt":"2023-01-27T18:37:02","slug":"hizmetlerimiz","status":"publish","type":"page","link":"https:\/\/nevsuekspertiz.com.tr\/","title":{"rendered":"HAKKIMIZDA"},"content":{"rendered":"\n<p>2003 y\u0131l\u0131 itibari ile faaliyete ge\u00e7en \u015eirketimiz;&nbsp;<strong>Yang\u0131n<\/strong>&nbsp;<strong>, Kara Ara\u00e7lar\u0131, M\u00fchendislik, Nakliyat <\/strong>ve <strong>De\u011fer Kayb\u0131<\/strong> alanlar\u0131nda hizmet vermektedir. <\/p>\n\n\n\n<p>Ekibimizde bulunan k\u0131demli ve belgeli Eksperler, \u00e7e\u015fitli teknik alanlarda g\u00f6rev yaparak edindikleri tecr\u00fcbeyi Sigorta Sekt\u00f6r\u00fc&#8217;n\u00fcn ekspertiz alan\u0131nda kullanm\u0131\u015flar ve&nbsp;<strong>20 y\u0131l<\/strong>&nbsp;boyunca edinilen bu bilgi ve deneyim birikimi aktif olarak payla\u015fmaya devam etmektedir. <\/p>\n\n\n\n<figure class=\"wp-block-image size-large\"><img decoding=\"async\" loading=\"lazy\" width=\"1024\" height=\"410\" src=\"https:\/\/nevsuekspertiz.com.tr\/wp-content\/uploads\/2022\/11\/7-1024x410.jpg\" alt=\"\" class=\"wp-image-280\" srcset=\"https:\/\/nevsuekspertiz.com.tr\/wp-content\/uploads\/2022\/11\/7-1024x410.jpg 1024w, https:\/\/nevsuekspertiz.com.tr\/wp-content\/uploads\/2022\/11\/7-300x120.jpg 300w, https:\/\/nevsuekspertiz.com.tr\/wp-content\/uploads\/2022\/11\/7-768x307.jpg 768w, https:\/\/nevsuekspertiz.com.tr\/wp-content\/uploads\/2022\/11\/7.jpg 1200w\" sizes=\"(max-width: 767px) 89vw, (max-width: 1000px) 54vw, (max-width: 1071px) 543px, 580px\" \/><\/figure>\n\n\n\n<p>Taraf\u0131m\u0131zca atanan hasar dosyalar\u0131n\u0131n ger\u00e7ek zarar\u0131 tespit edip, en do\u011fru bir \u015fekilde raporland\u0131r\u0131larak sigorta \u015firketi ve sigortal\u0131lara e\u015fit mesafede bulunup bilgi birikimi ve tecr\u00fcbemizle en do\u011fru hasar raporunu olu\u015fturmakt\u0131r. <\/p>\n\n\n\n<figure class=\"wp-block-image size-large\"><img decoding=\"async\" loading=\"lazy\" width=\"1024\" height=\"410\" src=\"https:\/\/nevsuekspertiz.com.tr\/wp-content\/uploads\/2022\/11\/8-1024x410.jpg\" alt=\"\" class=\"wp-image-283\" srcset=\"https:\/\/nevsuekspertiz.com.tr\/wp-content\/uploads\/2022\/11\/8-1024x410.jpg 1024w, https:\/\/nevsuekspertiz.com.tr\/wp-content\/uploads\/2022\/11\/8-300x120.jpg 300w, https:\/\/nevsuekspertiz.com.tr\/wp-content\/uploads\/2022\/11\/8-768x307.jpg 768w, https:\/\/nevsuekspertiz.com.tr\/wp-content\/uploads\/2022\/11\/8.jpg 1200w\" sizes=\"(max-width: 767px) 89vw, (max-width: 1000px) 54vw, (max-width: 1071px) 543px, 580px\" \/><\/figure>\n\n\n\n<p>\u00dclkemiz sigortac\u0131l\u0131\u011f\u0131nda yap\u0131lan kanun ve genel \u015fartlar \u00e7er\u00e7evesinde sigortac\u0131l\u0131k sekt\u00f6r\u00fc i\u00e7in en etkin ve en do\u011fru \u00e7al\u0131\u015fmalar\u0131 yap\u0131p; Teknolojik alt yap\u0131 ile s\u00fcrekli kendini g\u00fcncelleyen ayn\u0131 zamanda D\u00fcnya&#8217;daki geli\u015fmeleri takip eden etkin bir kadro anlay\u0131\u015f\u0131yla hizmet etmektedir. <\/p>\n\n\n<ul class=\"wp-block-page-list\"><li class=\"wp-block-pages-list__item\"><a class=\"wp-block-pages-list__item__link\" href=\"https:\/\/nevsuekspertiz.com.tr\/index.php\/ana-sayfa\/\">ANA SAYFA<\/a><\/li><li class=\"wp-block-pages-list__item\"><a class=\"wp-block-pages-list__item__link\" href=\"https:\/\/nevsuekspertiz.com.tr\/index.php\/deger-kaybi\/\">DE\u011eER KAYBI<\/a><\/li><li class=\"wp-block-pages-list__item\"><a class=\"wp-block-pages-list__item__link\" href=\"https:\/\/nevsuekspertiz.com.tr\/index.php\/ekibimiz\/\">EK\u0130B\u0130M\u0130Z<\/a><\/li><li class=\"wp-block-pages-list__item\"><a class=\"wp-block-pages-list__item__link\" href=\"https:\/\/nevsuekspertiz.com.tr\/index.php\/sigorta-bilgi\/\">FAYDALI L\u0130NKLER<\/a><\/li><li class=\"wp-block-pages-list__item\"><a class=\"wp-block-pages-list__item__link\" href=\"https:\/\/nevsuekspertiz.com.tr\/index.php\/fotograf-galeri\/\">FOTO\u011eRAF GALER\u0130<\/a><\/li><li class=\"wp-block-pages-list__item current-menu-item menu-item-home\"><a class=\"wp-block-pages-list__item__link\" href=\"https:\/\/nevsuekspertiz.com.tr\/\" aria-current=\"page\">HAKKIMIZDA<\/a><\/li><li class=\"wp-block-pages-list__item\"><a class=\"wp-block-pages-list__item__link\" href=\"https:\/\/nevsuekspertiz.com.tr\/index.php\/hasar\/\">HASAR<\/a><\/li><li class=\"wp-block-pages-list__item\"><a class=\"wp-block-pages-list__item__link\" href=\"https:\/\/nevsuekspertiz.com.tr\/index.php\/deneme-1\/\">H\u0130ZMETLER\u0130M\u0130Z<\/a><\/li><li class=\"wp-block-pages-list__item\"><a class=\"wp-block-pages-list__item__link\" href=\"https:\/\/nevsuekspertiz.com.tr\/index.php\/iletisim\/\">\u0130LET\u0130\u015e\u0130M<\/a><\/li><li class=\"wp-block-pages-list__item\"><a class=\"wp-block-pages-list__item__link\" href=\"https:\/\/nevsuekspertiz.com.tr\/index.php\/sample-page\/\">S\u0130GORTA B\u0130LG\u0130<\/a><\/li><\/ul>\n\n\n<p><\/p>\n","protected":false},"excerpt":{"rendered":"<p>2003 y\u0131l\u0131 itibari ile faaliyete ge\u00e7en \u015eirketimiz;&nbsp;Yang\u0131n&nbsp;, Kara Ara\u00e7lar\u0131, M\u00fchendislik, Nakliyat ve De\u011fer Kayb\u0131 alanlar\u0131nda hizmet vermektedir. Ekibimizde bulunan k\u0131demli ve belgeli Eksperler, \u00e7e\u015fitli teknik alanlarda g\u00f6rev yaparak edindikleri tecr\u00fcbeyi Sigorta Sekt\u00f6r\u00fc&#8217;n\u00fcn ekspertiz alan\u0131nda kullanm\u0131\u015flar ve&nbsp;20 y\u0131l&nbsp;boyunca edinilen bu bilgi ve deneyim birikimi aktif olarak payla\u015fmaya devam etmektedir. Taraf\u0131m\u0131zca atanan hasar dosyalar\u0131n\u0131n ger\u00e7ek zarar\u0131 tespit &hellip; <\/p>\n<p class=\"link-more\"><a href=\"https:\/\/nevsuekspertiz.com.tr\/\" class=\"more-link\">Okumaya devam et<span class=\"screen-reader-text\"> &#8220;HAKKIMIZDA&#8221;<\/span><\/a><\/p>\n","protected":false},"author":1,"featured_media":0,"parent":0,"menu_order":0,"comment_status":"closed","ping_status":"closed","template":"","meta":[],"_links":{"self":[{"href":"https:\/\/nevsuekspertiz.com.tr\/index.php\/wp-json\/wp\/v2\/pages\/42"}],"collection":[{"href":"https:\/\/nevsuekspertiz.com.tr\/index.php\/wp-json\/wp\/v2\/pages"}],"about":[{"href":"https:\/\/nevsuekspertiz.com.tr\/index.php\/wp-json\/wp\/v2\/types\/page"}],"author":[{"embeddable":true,"href":"https:\/\/nevsuekspertiz.com.tr\/index.php\/wp-json\/wp\/v2\/users\/1"}],"replies":[{"embeddable":true,"href":"https:\/\/nevsuekspertiz.com.tr\/index.php\/wp-json\/wp\/v2\/comments?post=42"}],"version-history":[{"count":17,"href":"https:\/\/nevsuekspertiz.com.tr\/index.php\/wp-json\/wp\/v2\/pages\/42\/revisions"}],"predecessor-version":[{"id":465,"href":"https:\/\/nevsuekspertiz.com.tr\/index.php\/wp-json\/wp\/v2\/pages\/42\/revisions\/465"}],"wp:attachment":[{"href":"https:\/\/nevsuekspertiz.com.tr\/index.php\/wp-json\/wp\/v2\/media?parent=42"}],"curies":[{"name":"wp","href":"https:\/\/api.w.org\/{rel}","templated":true}]}}